{"id":3180,"date":"2022-09-29T09:32:16","date_gmt":"2022-09-29T09:32:16","guid":{"rendered":"https:\/\/www.leirivolt.pt\/contacts\/"},"modified":"2023-02-13T16:01:31","modified_gmt":"2023-02-13T16:01:31","slug":"contacts","status":"publish","type":"page","link":"https:\/\/leirivolt.pt\/fr\/contacts\/","title":{"rendered":"Contacts"},"content":{"rendered":"<section id=\"contactos-block\" class=\"mt-0 full-width\">\n<div class=\"row\">\n<div class=\"col-lg-6\"><iframe loading=\"lazy\" style=\"border: 0;\" src=\"https:\/\/www.google.com\/maps\/embed?pb=!1m18!1m12!1m3!1d10316.032937683847!2d-8.86872531769243!3d39.762671008581336!2m3!1f0!2f0!3f0!3m2!1i1024!2i768!4f13.1!3m3!1m2!1s0xd220ce77597368b%3A0xfffb280cb4d75eae!2sLeirivolt%2C%20Lda!5e0!3m2!1spt-PT!2spt!4v1665673042541!5m2!1spt-PT!2spt\" width=\"100%\" height=\"540\" allowfullscreen=\"allowfullscreen\"><br \/>\n<\/iframe><\/div>\n<div class=\"col-lg-6\">\n<div class=\"container\">\n<div>\n<h5>Adresse<\/h5>\n<ul class=\"contact-list\">\n<li class=\"address\">Rue Vale da Arieira, Lt 4<br \/>\nBarosa &#8211; 2400-491 Leiria,<br \/>\nPortugal<\/li>\n<li class=\"gps\">N39\u00ba 45.488&prime; &#8211; W08\u00ba 51.568&prime;<\/li>\n<\/ul>\n<\/div>\n<div>\n<h5>Contacts<\/h5>\n<ul class=\"contact-list\">\n<li class=\"email\"><a href=\"mailto:geral@leirivolt.pt\">geral@leirivolt.pt<\/a><\/li>\n<li class=\"phone\">+351 244 838 703<small><br \/>\n(Appel vers le r\u00e9seau fixe national)<\/small><\/li>\n<li class=\"fax\">+351 244 838 705<\/li>\n<\/ul>\n<\/div>\n<div>\n<h5>Suivez-nous sur<\/h5>\n<ul class=\"social-list\">\n<li class=\"facebook\"><a href=\"https:\/\/www.facebook.com\/leirivolt\/\">facebook\/leirivolt<\/a><\/li>\n<li class=\"instagram\"><a href=\"https:\/\/www.instagram.com\/leirivolt\/\">instagram\/leirivolt<\/a><\/li>\n<li class=\"linkedin\"><a href=\"https:\/\/www.linkedin.com\/company\/leirivolt-lda\/\">linkedin\/leirivolt-lda<\/a><\/li>\n<li class=\"youtube\"><a href=\"https:\/\/www.youtube.com\/channel\/UCa3j2lrLVVRdtDgCdJRt6Sw?app=desktop\">youtube\/leirivolt<\/a><\/li>\n<\/ul>\n<\/div>\n<\/div>\n<\/div>\n<\/div>\n<\/section>\n<section id=\"contact-form-block\">\n<div class=\"row\">\n<div class=\"col-lg-6\">\n<h2>Message<\/h2>\n<\/div>\n<div class=\"col-lg-6\">\n<div class=\"wpcf7 no-js\" id=\"wpcf7-f3373-o1\" lang=\"fr-FR\" dir=\"ltr\" data-wpcf7-id=\"3373\">\n<div class=\"screen-reader-response\"><p role=\"status\" aria-live=\"polite\" aria-atomic=\"true\"><\/p> <ul><\/ul><\/div>\n<form action=\"\/fr\/wp-json\/wp\/v2\/pages\/3180#wpcf7-f3373-o1\" method=\"post\" class=\"wpcf7-form init\" aria-label=\"Formulaire de contact\" novalidate=\"novalidate\" data-status=\"init\">\n<fieldset class=\"hidden-fields-container\"><input type=\"hidden\" name=\"_wpcf7\" value=\"3373\" \/><input type=\"hidden\" name=\"_wpcf7_version\" value=\"6.1.1\" \/><input type=\"hidden\" name=\"_wpcf7_locale\" value=\"fr_FR\" \/><input type=\"hidden\" name=\"_wpcf7_unit_tag\" value=\"wpcf7-f3373-o1\" \/><input type=\"hidden\" name=\"_wpcf7_container_post\" value=\"0\" \/><input type=\"hidden\" name=\"_wpcf7_posted_data_hash\" value=\"\" \/>\n<\/fieldset>\n<div class=\"content\">\n\t<div class=\"row\">\n\t\t<div class=\"col-md-6 col-lg-4\">\n\t\t\t<p><label>Pr\u00e9nom*<\/label><span class=\"wpcf7-form-control-wrap\" data-name=\"your-name\"><input size=\"40\" maxlength=\"400\" class=\"wpcf7-form-control wpcf7-text wpcf7-validates-as-required\" aria-required=\"true\" aria-invalid=\"false\" value=\"\" type=\"text\" name=\"your-name\" \/><\/span>\n\t\t\t<\/p>\n\t\t<\/div>\n\t\t<div class=\"col-md-6 col-lg-4\">\n\t\t\t<p><label>Contact*<\/label><span class=\"wpcf7-form-control-wrap\" data-name=\"tel-499\"><input size=\"40\" maxlength=\"400\" class=\"wpcf7-form-control wpcf7-tel wpcf7-validates-as-required wpcf7-text wpcf7-validates-as-tel\" aria-required=\"true\" aria-invalid=\"false\" value=\"\" type=\"tel\" name=\"tel-499\" \/><\/span>\n\t\t\t<\/p>\n\t\t<\/div>\n\t\t<div class=\"col-lg-4\">\n\t\t\t<p><label>E-mail*<\/label><span class=\"wpcf7-form-control-wrap\" data-name=\"your-email\"><input size=\"40\" maxlength=\"400\" class=\"wpcf7-form-control wpcf7-email wpcf7-validates-as-required wpcf7-text wpcf7-validates-as-email\" aria-required=\"true\" aria-invalid=\"false\" value=\"\" type=\"email\" name=\"your-email\" \/><\/span>\n\t\t\t<\/p>\n\t\t<\/div>\n\t<\/div>\n\t<div class=\"row\">\n\t\t<div class=\"col\">\n\t\t\t<p><label>Message<\/label><span class=\"wpcf7-form-control-wrap\" data-name=\"your-message\"><textarea cols=\"40\" rows=\"10\" maxlength=\"2000\" class=\"wpcf7-form-control wpcf7-textarea\" aria-invalid=\"false\" name=\"your-message\"><\/textarea><\/span>\n\t\t\t<\/p>\n\t\t<\/div>\n\t<\/div>\n\t<div class=\"row submit-row\">\n\t\t<div class=\"col-xxl-auto\">\n\t\t\t<p><span class=\"wpcf7-form-control-wrap\" data-name=\"acceptance-335\"><span class=\"wpcf7-form-control wpcf7-acceptance\"><span class=\"wpcf7-list-item\"><input type=\"checkbox\" name=\"acceptance-335\" value=\"1\" aria-invalid=\"false\" \/><\/span><\/span><\/span><span>En envoyant ce formulaire, vous acceptez la <a href=\"https:\/\/www.leirivolt.pt\/politica-privacidade\">Politique de Confidentialit\u00e9<\/a>.<\/span>\n\t\t\t<\/p>\n\t\t<\/div>\n\t\t<div class=\"row\">\n\t\t\t<div class=\"col-md-2\">\n\t\t\t\t<p><input type=\"hidden\" name=\"_wpcf7_captcha_challenge_captcha-1\" value=\"3494925829\" \/><img loading=\"lazy\" decoding=\"async\" class=\"wpcf7-form-control wpcf7-captchac wpcf7-captcha-captcha-1\" width=\"72\" height=\"24\" alt=\"captcha\" src=\"https:\/\/leirivolt.pt\/wp-content\/uploads\/wpcf7_captcha\/3494925829.png\" \/>\n\t\t\t\t<\/p>\n\t\t\t<\/div>\n\t\t\t<div class=\"col-md-2\">\n\t\t\t\t<p><label>CAPTCHA*<\/label><span class=\"wpcf7-form-control-wrap\" data-name=\"captcha-1\"><input size=\"40\" class=\"wpcf7-form-control wpcf7-captchar\" autocomplete=\"off\" aria-invalid=\"false\" value=\"\" type=\"text\" name=\"captcha-1\" \/><\/span>\n\t\t\t\t<\/p>\n\t\t\t<\/div>\n\t\t<\/div>\n\t\t<div class=\"col-xxl-auto submit-block\">\n\t\t\t<p><input class=\"wpcf7-form-control wpcf7-submit has-spinner\" type=\"submit\" value=\"Enviar\" \/>\n\t\t\t<\/p>\n\t\t<\/div>\n\t<\/div>\n<\/div><div class=\"wpcf7-response-output\" aria-hidden=\"true\"><\/div>\n<\/form>\n<\/div>\n<\/div>\n<\/div>\n<\/section>\n","protected":false},"excerpt":{"rendered":"<p>Adresse Rue Vale da Arieira, Lt 4 Barosa &#8211; 2400-491 Leiria, Portugal N39\u00ba 45.488&prime; &#8211; W08\u00ba 51.568&prime; Contacts geral@leirivolt.pt +351 244 838 703 (Appel vers le r\u00e9seau fixe national) +351 244 838 705 Suivez-nous sur facebook\/leirivolt instagram\/leirivolt linkedin\/leirivolt-lda youtube\/leirivolt Message<\/p>\n","protected":false},"author":1,"featured_media":2177,"parent":0,"menu_order":0,"comment_status":"closed","ping_status":"closed","template":"","meta":{"_acf_changed":false,"inline_featured_image":false,"footnotes":""},"class_list":["post-3180","page","type-page","status-publish","has-post-thumbnail","hentry"],"acf":[],"yoast_head":"<!-- This site is optimized with the Yoast SEO plugin v27.3 - https:\/\/yoast.com\/product\/yoast-seo-wordpress\/ -->\n<title>Contacts | Entreprise d&#039;installation \u00e9lectrique | Leirivolt<\/title>\n<meta name=\"description\" content=\"Contacts Leirivolt. Pour toute autre information concernant les installations \u00e9lectriques, photovolta\u00efque et mobilit\u00e9 \u00e9lectrique.\" \/>\n<meta name=\"robots\" content=\"index, follow, max-snippet:-1, max-image-preview:large, max-video-preview:-1\" \/>\n<link rel=\"canonical\" href=\"https:\/\/leirivolt.pt\/fr\/contacts\/\" \/>\n<meta property=\"og:locale\" content=\"fr_FR\" \/>\n<meta property=\"og:type\" content=\"article\" \/>\n<meta property=\"og:title\" content=\"Contacts | Entreprise d&#039;installation \u00e9lectrique | Leirivolt\" \/>\n<meta property=\"og:description\" content=\"Contacts Leirivolt. Pour toute autre information concernant les installations \u00e9lectriques, photovolta\u00efque et mobilit\u00e9 \u00e9lectrique.\" \/>\n<meta property=\"og:url\" content=\"https:\/\/leirivolt.pt\/fr\/contacts\/\" \/>\n<meta property=\"og:site_name\" content=\"Leirivolt, Lda\" \/>\n<meta property=\"article:publisher\" content=\"https:\/\/www.facebook.com\/leirivolt\/\" \/>\n<meta property=\"article:modified_time\" content=\"2023-02-13T16:01:31+00:00\" \/>\n<meta property=\"og:image\" content=\"https:\/\/mail.leirivolt.pt\/wp-content\/uploads\/2022\/11\/contacts.jpg\" \/>\n\t<meta property=\"og:image:width\" content=\"1627\" \/>\n\t<meta property=\"og:image:height\" content=\"393\" \/>\n\t<meta property=\"og:image:type\" content=\"image\/jpeg\" \/>\n<meta name=\"twitter:card\" content=\"summary_large_image\" \/>\n<script type=\"application\/ld+json\" class=\"yoast-schema-graph\">{\"@context\":\"https:\\\/\\\/schema.org\",\"@graph\":[{\"@type\":\"WebPage\",\"@id\":\"https:\\\/\\\/leirivolt.pt\\\/fr\\\/contacts\\\/\",\"url\":\"https:\\\/\\\/leirivolt.pt\\\/fr\\\/contacts\\\/\",\"name\":\"Contacts | Entreprise d'installation \u00e9lectrique | Leirivolt\",\"isPartOf\":{\"@id\":\"https:\\\/\\\/www.leirivolt.pt\\\/fr\\\/#website\"},\"primaryImageOfPage\":{\"@id\":\"https:\\\/\\\/leirivolt.pt\\\/fr\\\/contacts\\\/#primaryimage\"},\"image\":{\"@id\":\"https:\\\/\\\/leirivolt.pt\\\/fr\\\/contacts\\\/#primaryimage\"},\"thumbnailUrl\":\"https:\\\/\\\/leirivolt.pt\\\/wp-content\\\/uploads\\\/2022\\\/11\\\/contacts.jpg\",\"datePublished\":\"2022-09-29T09:32:16+00:00\",\"dateModified\":\"2023-02-13T16:01:31+00:00\",\"description\":\"Contacts Leirivolt. Pour toute autre information concernant les installations \u00e9lectriques, photovolta\u00efque et mobilit\u00e9 \u00e9lectrique.\",\"breadcrumb\":{\"@id\":\"https:\\\/\\\/leirivolt.pt\\\/fr\\\/contacts\\\/#breadcrumb\"},\"inLanguage\":\"fr-FR\",\"potentialAction\":[{\"@type\":\"ReadAction\",\"target\":[\"https:\\\/\\\/leirivolt.pt\\\/fr\\\/contacts\\\/\"]}]},{\"@type\":\"ImageObject\",\"inLanguage\":\"fr-FR\",\"@id\":\"https:\\\/\\\/leirivolt.pt\\\/fr\\\/contacts\\\/#primaryimage\",\"url\":\"https:\\\/\\\/leirivolt.pt\\\/wp-content\\\/uploads\\\/2022\\\/11\\\/contacts.jpg\",\"contentUrl\":\"https:\\\/\\\/leirivolt.pt\\\/wp-content\\\/uploads\\\/2022\\\/11\\\/contacts.jpg\",\"width\":1627,\"height\":393},{\"@type\":\"BreadcrumbList\",\"@id\":\"https:\\\/\\\/leirivolt.pt\\\/fr\\\/contacts\\\/#breadcrumb\",\"itemListElement\":[{\"@type\":\"ListItem\",\"position\":1,\"name\":\"In\u00edcio\",\"item\":\"https:\\\/\\\/www.leirivolt.pt\\\/fr\\\/\"},{\"@type\":\"ListItem\",\"position\":2,\"name\":\"Contacts\"}]},{\"@type\":\"WebSite\",\"@id\":\"https:\\\/\\\/www.leirivolt.pt\\\/fr\\\/#website\",\"url\":\"https:\\\/\\\/www.leirivolt.pt\\\/fr\\\/\",\"name\":\"Leirivolt, Lda\",\"description\":\"Solu\u00e7\u00f5es de Energia desde 2004\",\"publisher\":{\"@id\":\"https:\\\/\\\/www.leirivolt.pt\\\/fr\\\/#organization\"},\"potentialAction\":[{\"@type\":\"SearchAction\",\"target\":{\"@type\":\"EntryPoint\",\"urlTemplate\":\"https:\\\/\\\/www.leirivolt.pt\\\/fr\\\/?s={search_term_string}\"},\"query-input\":{\"@type\":\"PropertyValueSpecification\",\"valueRequired\":true,\"valueName\":\"search_term_string\"}}],\"inLanguage\":\"fr-FR\"},{\"@type\":\"Organization\",\"@id\":\"https:\\\/\\\/www.leirivolt.pt\\\/fr\\\/#organization\",\"name\":\"Leirivolt, Lda\",\"url\":\"https:\\\/\\\/www.leirivolt.pt\\\/fr\\\/\",\"logo\":{\"@type\":\"ImageObject\",\"inLanguage\":\"fr-FR\",\"@id\":\"https:\\\/\\\/www.leirivolt.pt\\\/fr\\\/#\\\/schema\\\/logo\\\/image\\\/\",\"url\":\"https:\\\/\\\/www.leirivolt.pt\\\/wp-content\\\/uploads\\\/2022\\\/09\\\/logo_leirivolt.svg\",\"contentUrl\":\"https:\\\/\\\/www.leirivolt.pt\\\/wp-content\\\/uploads\\\/2022\\\/09\\\/logo_leirivolt.svg\",\"width\":\"1024\",\"height\":\"1024\",\"caption\":\"Leirivolt, Lda\"},\"image\":{\"@id\":\"https:\\\/\\\/www.leirivolt.pt\\\/fr\\\/#\\\/schema\\\/logo\\\/image\\\/\"},\"sameAs\":[\"https:\\\/\\\/www.facebook.com\\\/leirivolt\\\/\",\"https:\\\/\\\/www.instagram.com\\\/leirivolt\\\/\",\"https:\\\/\\\/www.linkedin.com\\\/company\\\/leirivolt-lda\\\/\",\"https:\\\/\\\/www.youtube.com\\\/channel\\\/UCa3j2lrLVVRdtDgCdJRt6Sw?app=desktop\"]}]}<\/script>\n<!-- \/ Yoast SEO plugin. -->","yoast_head_json":{"title":"Contacts | Entreprise d'installation \u00e9lectrique | Leirivolt","description":"Contacts Leirivolt. Pour toute autre information concernant les installations \u00e9lectriques, photovolta\u00efque et mobilit\u00e9 \u00e9lectrique.","robots":{"index":"index","follow":"follow","max-snippet":"max-snippet:-1","max-image-preview":"max-image-preview:large","max-video-preview":"max-video-preview:-1"},"canonical":"https:\/\/leirivolt.pt\/fr\/contacts\/","og_locale":"fr_FR","og_type":"article","og_title":"Contacts | Entreprise d'installation \u00e9lectrique | Leirivolt","og_description":"Contacts Leirivolt. Pour toute autre information concernant les installations \u00e9lectriques, photovolta\u00efque et mobilit\u00e9 \u00e9lectrique.","og_url":"https:\/\/leirivolt.pt\/fr\/contacts\/","og_site_name":"Leirivolt, Lda","article_publisher":"https:\/\/www.facebook.com\/leirivolt\/","article_modified_time":"2023-02-13T16:01:31+00:00","og_image":[{"width":1627,"height":393,"url":"https:\/\/mail.leirivolt.pt\/wp-content\/uploads\/2022\/11\/contacts.jpg","type":"image\/jpeg"}],"twitter_card":"summary_large_image","schema":{"@context":"https:\/\/schema.org","@graph":[{"@type":"WebPage","@id":"https:\/\/leirivolt.pt\/fr\/contacts\/","url":"https:\/\/leirivolt.pt\/fr\/contacts\/","name":"Contacts | Entreprise d'installation \u00e9lectrique | Leirivolt","isPartOf":{"@id":"https:\/\/www.leirivolt.pt\/fr\/#website"},"primaryImageOfPage":{"@id":"https:\/\/leirivolt.pt\/fr\/contacts\/#primaryimage"},"image":{"@id":"https:\/\/leirivolt.pt\/fr\/contacts\/#primaryimage"},"thumbnailUrl":"https:\/\/leirivolt.pt\/wp-content\/uploads\/2022\/11\/contacts.jpg","datePublished":"2022-09-29T09:32:16+00:00","dateModified":"2023-02-13T16:01:31+00:00","description":"Contacts Leirivolt. Pour toute autre information concernant les installations \u00e9lectriques, photovolta\u00efque et mobilit\u00e9 \u00e9lectrique.","breadcrumb":{"@id":"https:\/\/leirivolt.pt\/fr\/contacts\/#breadcrumb"},"inLanguage":"fr-FR","potentialAction":[{"@type":"ReadAction","target":["https:\/\/leirivolt.pt\/fr\/contacts\/"]}]},{"@type":"ImageObject","inLanguage":"fr-FR","@id":"https:\/\/leirivolt.pt\/fr\/contacts\/#primaryimage","url":"https:\/\/leirivolt.pt\/wp-content\/uploads\/2022\/11\/contacts.jpg","contentUrl":"https:\/\/leirivolt.pt\/wp-content\/uploads\/2022\/11\/contacts.jpg","width":1627,"height":393},{"@type":"BreadcrumbList","@id":"https:\/\/leirivolt.pt\/fr\/contacts\/#breadcrumb","itemListElement":[{"@type":"ListItem","position":1,"name":"In\u00edcio","item":"https:\/\/www.leirivolt.pt\/fr\/"},{"@type":"ListItem","position":2,"name":"Contacts"}]},{"@type":"WebSite","@id":"https:\/\/www.leirivolt.pt\/fr\/#website","url":"https:\/\/www.leirivolt.pt\/fr\/","name":"Leirivolt, Lda","description":"Solu\u00e7\u00f5es de Energia desde 2004","publisher":{"@id":"https:\/\/www.leirivolt.pt\/fr\/#organization"},"potentialAction":[{"@type":"SearchAction","target":{"@type":"EntryPoint","urlTemplate":"https:\/\/www.leirivolt.pt\/fr\/?s={search_term_string}"},"query-input":{"@type":"PropertyValueSpecification","valueRequired":true,"valueName":"search_term_string"}}],"inLanguage":"fr-FR"},{"@type":"Organization","@id":"https:\/\/www.leirivolt.pt\/fr\/#organization","name":"Leirivolt, Lda","url":"https:\/\/www.leirivolt.pt\/fr\/","logo":{"@type":"ImageObject","inLanguage":"fr-FR","@id":"https:\/\/www.leirivolt.pt\/fr\/#\/schema\/logo\/image\/","url":"https:\/\/www.leirivolt.pt\/wp-content\/uploads\/2022\/09\/logo_leirivolt.svg","contentUrl":"https:\/\/www.leirivolt.pt\/wp-content\/uploads\/2022\/09\/logo_leirivolt.svg","width":"1024","height":"1024","caption":"Leirivolt, Lda"},"image":{"@id":"https:\/\/www.leirivolt.pt\/fr\/#\/schema\/logo\/image\/"},"sameAs":["https:\/\/www.facebook.com\/leirivolt\/","https:\/\/www.instagram.com\/leirivolt\/","https:\/\/www.linkedin.com\/company\/leirivolt-lda\/","https:\/\/www.youtube.com\/channel\/UCa3j2lrLVVRdtDgCdJRt6Sw?app=desktop"]}]}},"_links":{"self":[{"href":"https:\/\/leirivolt.pt\/fr\/wp-json\/wp\/v2\/pages\/3180","targetHints":{"allow":["GET"]}}],"collection":[{"href":"https:\/\/leirivolt.pt\/fr\/wp-json\/wp\/v2\/pages"}],"about":[{"href":"https:\/\/leirivolt.pt\/fr\/wp-json\/wp\/v2\/types\/page"}],"author":[{"embeddable":true,"href":"https:\/\/leirivolt.pt\/fr\/wp-json\/wp\/v2\/users\/1"}],"replies":[{"embeddable":true,"href":"https:\/\/leirivolt.pt\/fr\/wp-json\/wp\/v2\/comments?post=3180"}],"version-history":[{"count":1,"href":"https:\/\/leirivolt.pt\/fr\/wp-json\/wp\/v2\/pages\/3180\/revisions"}],"predecessor-version":[{"id":3372,"href":"https:\/\/leirivolt.pt\/fr\/wp-json\/wp\/v2\/pages\/3180\/revisions\/3372"}],"wp:featuredmedia":[{"embeddable":true,"href":"https:\/\/leirivolt.pt\/fr\/wp-json\/wp\/v2\/media\/2177"}],"wp:attachment":[{"href":"https:\/\/leirivolt.pt\/fr\/wp-json\/wp\/v2\/media?parent=3180"}],"curies":[{"name":"wp","href":"https:\/\/api.w.org\/{rel}","templated":true}]}}